{"id":9942,"date":"2025-02-12T20:44:44","date_gmt":"2025-02-12T20:44:44","guid":{"rendered":"https:\/\/radiocityvalencia.es\/?page_id=9942"},"modified":"2025-02-12T21:26:47","modified_gmt":"2025-02-12T21:26:47","slug":"politica-de-cookies","status":"publish","type":"page","link":"https:\/\/radiocityvalencia.es\/en\/politica-de-cookies\/","title":{"rendered":"Pol\u00edtica de cookies"},"content":{"rendered":"<p>A trav\u00e9s de este sitio web no se recaban datos de car\u00e1cter personal de los usuarios sin su conocimiento, ni se ceden a terceros.<\/p>\n<p>Con la finalidad de ofrecerle el mejor servicio y con el objeto de facilitar el uso, se analizan el n\u00famero de p\u00e1ginas visitadas, el n\u00famero de visitas, as\u00ed como la actividad de los visitantes y su frecuencia de utilizaci\u00f3n. A estos efectos, PAPAVINVE SL utiliza la informaci\u00f3n estad\u00edstica elaborada por el Proveedor de Servicios de Internet.<\/p>\n<p>PAPAVINVE SL no utiliza cookies para recoger informaci\u00f3n de los usuarios, ni registra las direcciones IP de acceso. \u00danicamente se utilizan cookies propias, de sesi\u00f3n, con finalidad t\u00e9cnica (aquellas que permiten al usuario la navegaci\u00f3n a trav\u00e9s del sitio web y la utilizaci\u00f3n de las diferentes opciones y servicios que en ella existen).<\/p>\n<p>Una Cookie es un fichero que se descarga en su ordenador al acceder a determinadas p\u00e1ginas web. Las cookies permiten a una p\u00e1gina web, entre otras cosas, almacenar y recuperar informaci\u00f3n sobre los h\u00e1bitos de navegaci\u00f3n de un usuario o de su equipo y, dependiendo de la informaci\u00f3n que contenga y de la forma en que utilice su equipo, pueden utilizarse para reconocer al usuario.<\/p>\n<p>Este sitio web puede contener enlaces a sitios web de terceros, cuyas pol\u00edticas de privacidad son ajenas a PAPAVINVE SL. Al acceder a tales sitios web usted puede decidir si acepta sus pol\u00edticas de privacidad y de cookies. Con car\u00e1cter general, si navega por internet usted puede aceptar o rechazar las cookies de terceros desde las opciones de configuraci\u00f3n de su navegador.<\/p>\n<table>\n<thead>\n<tr>\n<th>NOMBRE<\/th>\n<th>PROP\u00d3SITO<\/th>\n<th>NOMBRE DOMINIO<\/th>\n<th>CADUCIDAD<\/th>\n<th>PROVEEDOR<\/th>\n<\/tr>\n<\/thead>\n<tbody>\n<tr>\n<td>_ga<\/td>\n<td>Anal\u00edtica, relacionada con Google Analytics que se usa para distinguir a los usuarios.<\/td>\n<td><a href=\"https:\/\/radiocityvalencia.es\/\">https:\/\/radiocityvalencia.es\/<\/a><\/td>\n<td><\/td>\n<td>Google<\/td>\n<\/tr>\n<tr>\n<td>_ga_9HRTWJXNN4<\/td>\n<td>Anal\u00edtica, relacionada con Google Analytics que se usa para distinguir a los usuarios.<\/td>\n<td>https:\/\/radiocityvalencia.es\/<\/td>\n<td>24 horas<\/td>\n<td>Google<\/td>\n<\/tr>\n<\/tbody>\n<\/table>\n<p>Para conocer m\u00e1s informaci\u00f3n sobre el tratamiento de datos personales, le recomendamos visitar nuestro apartado \u201c<i>Pol\u00edtica de Privacidad<\/i>\u201d.<\/p>\n<p><b>\u00daltima actualizaci\u00f3n<\/b>: 9 de febrero de 2024<\/p>\n","protected":false},"excerpt":{"rendered":"<p>A trav\u00e9s de este sitio web no se recaban datos de car\u00e1cter personal de los usuarios sin su conocimiento, ni se ceden a terceros. Con la finalidad de ofrecerle el&#8230;<\/p>\n","protected":false},"author":1,"featured_media":0,"parent":0,"menu_order":0,"comment_status":"closed","ping_status":"closed","template":"custom-page-templates\/template-legal.php","meta":{"footnotes":""},"class_list":["post-9942","page","type-page","status-publish"],"acf":[],"yoast_head":"<!-- This site is optimized with the Yoast SEO plugin v27.3 - https:\/\/yoast.com\/product\/yoast-seo-wordpress\/ -->\n<title>Pol\u00edtica de cookies - Radiocity<\/title>\n<meta name=\"robots\" content=\"index, follow, max-snippet:-1, max-image-preview:large, max-video-preview:-1\" \/>\n<link rel=\"canonical\" href=\"https:\/\/radiocityvalencia.es\/en\/politica-de-cookies\/\" \/>\n<meta property=\"og:locale\" content=\"en_US\" \/>\n<meta property=\"og:type\" content=\"article\" \/>\n<meta property=\"og:title\" content=\"Pol\u00edtica de cookies - Radiocity\" \/>\n<meta property=\"og:description\" content=\"A trav\u00e9s de este sitio web no se recaban datos de car\u00e1cter personal de los usuarios sin su conocimiento, ni se ceden a terceros. Con la finalidad de ofrecerle el...\" \/>\n<meta property=\"og:url\" content=\"https:\/\/radiocityvalencia.es\/en\/politica-de-cookies\/\" \/>\n<meta property=\"og:site_name\" content=\"Radiocity\" \/>\n<meta property=\"article:publisher\" content=\"https:\/\/www.facebook.com\/radiocityvlc\" \/>\n<meta property=\"article:modified_time\" content=\"2025-02-12T21:26:47+00:00\" \/>\n<meta name=\"twitter:card\" content=\"summary_large_image\" \/>\n<meta name=\"twitter:label1\" content=\"Est. reading time\" \/>\n\t<meta name=\"twitter:data1\" content=\"2 minutes\" \/>\n<script type=\"application\/ld+json\" class=\"yoast-schema-graph\">{\"@context\":\"https:\\\/\\\/schema.org\",\"@graph\":[{\"@type\":\"WebPage\",\"@id\":\"https:\\\/\\\/radiocityvalencia.es\\\/en\\\/politica-de-cookies\\\/\",\"url\":\"https:\\\/\\\/radiocityvalencia.es\\\/en\\\/politica-de-cookies\\\/\",\"name\":\"Pol\u00edtica de cookies - Radiocity\",\"isPartOf\":{\"@id\":\"https:\\\/\\\/radiocityvalencia.es\\\/en\\\/#website\"},\"datePublished\":\"2025-02-12T20:44:44+00:00\",\"dateModified\":\"2025-02-12T21:26:47+00:00\",\"breadcrumb\":{\"@id\":\"https:\\\/\\\/radiocityvalencia.es\\\/en\\\/politica-de-cookies\\\/#breadcrumb\"},\"inLanguage\":\"en-US\",\"potentialAction\":[{\"@type\":\"ReadAction\",\"target\":[\"https:\\\/\\\/radiocityvalencia.es\\\/en\\\/politica-de-cookies\\\/\"]}]},{\"@type\":\"BreadcrumbList\",\"@id\":\"https:\\\/\\\/radiocityvalencia.es\\\/en\\\/politica-de-cookies\\\/#breadcrumb\",\"itemListElement\":[{\"@type\":\"ListItem\",\"position\":1,\"name\":\"Portada\",\"item\":\"https:\\\/\\\/radiocityvalencia.es\\\/en\\\/home\\\/\"},{\"@type\":\"ListItem\",\"position\":2,\"name\":\"Pol\u00edtica de cookies\"}]},{\"@type\":\"WebSite\",\"@id\":\"https:\\\/\\\/radiocityvalencia.es\\\/en\\\/#website\",\"url\":\"https:\\\/\\\/radiocityvalencia.es\\\/en\\\/\",\"name\":\"Radio City Valencia\",\"description\":\"The Place to Be\",\"publisher\":{\"@id\":\"https:\\\/\\\/radiocityvalencia.es\\\/en\\\/#organization\"},\"potentialAction\":[{\"@type\":\"SearchAction\",\"target\":{\"@type\":\"EntryPoint\",\"urlTemplate\":\"https:\\\/\\\/radiocityvalencia.es\\\/en\\\/?s={search_term_string}\"},\"query-input\":{\"@type\":\"PropertyValueSpecification\",\"valueRequired\":true,\"valueName\":\"search_term_string\"}}],\"inLanguage\":\"en-US\"},{\"@type\":\"Organization\",\"@id\":\"https:\\\/\\\/radiocityvalencia.es\\\/en\\\/#organization\",\"name\":\"Radio City Valencia\",\"url\":\"https:\\\/\\\/radiocityvalencia.es\\\/en\\\/\",\"logo\":{\"@type\":\"ImageObject\",\"inLanguage\":\"en-US\",\"@id\":\"https:\\\/\\\/radiocityvalencia.es\\\/en\\\/#\\\/schema\\\/logo\\\/image\\\/\",\"url\":\"https:\\\/\\\/radiocityvalencia.es\\\/wp-content\\\/uploads\\\/2023\\\/02\\\/LOGO_RADIO_WHT.png\",\"contentUrl\":\"https:\\\/\\\/radiocityvalencia.es\\\/wp-content\\\/uploads\\\/2023\\\/02\\\/LOGO_RADIO_WHT.png\",\"width\":398,\"height\":57,\"caption\":\"Radio City Valencia\"},\"image\":{\"@id\":\"https:\\\/\\\/radiocityvalencia.es\\\/en\\\/#\\\/schema\\\/logo\\\/image\\\/\"},\"sameAs\":[\"https:\\\/\\\/www.facebook.com\\\/radiocityvlc\"]}]}<\/script>\n<!-- \/ Yoast SEO plugin. -->","yoast_head_json":{"title":"Pol\u00edtica de cookies - Radiocity","robots":{"index":"index","follow":"follow","max-snippet":"max-snippet:-1","max-image-preview":"max-image-preview:large","max-video-preview":"max-video-preview:-1"},"canonical":"https:\/\/radiocityvalencia.es\/en\/politica-de-cookies\/","og_locale":"en_US","og_type":"article","og_title":"Pol\u00edtica de cookies - Radiocity","og_description":"A trav\u00e9s de este sitio web no se recaban datos de car\u00e1cter personal de los usuarios sin su conocimiento, ni se ceden a terceros. Con la finalidad de ofrecerle el...","og_url":"https:\/\/radiocityvalencia.es\/en\/politica-de-cookies\/","og_site_name":"Radiocity","article_publisher":"https:\/\/www.facebook.com\/radiocityvlc","article_modified_time":"2025-02-12T21:26:47+00:00","twitter_card":"summary_large_image","twitter_misc":{"Est. reading time":"2 minutes"},"schema":{"@context":"https:\/\/schema.org","@graph":[{"@type":"WebPage","@id":"https:\/\/radiocityvalencia.es\/en\/politica-de-cookies\/","url":"https:\/\/radiocityvalencia.es\/en\/politica-de-cookies\/","name":"Pol\u00edtica de cookies - Radiocity","isPartOf":{"@id":"https:\/\/radiocityvalencia.es\/en\/#website"},"datePublished":"2025-02-12T20:44:44+00:00","dateModified":"2025-02-12T21:26:47+00:00","breadcrumb":{"@id":"https:\/\/radiocityvalencia.es\/en\/politica-de-cookies\/#breadcrumb"},"inLanguage":"en-US","potentialAction":[{"@type":"ReadAction","target":["https:\/\/radiocityvalencia.es\/en\/politica-de-cookies\/"]}]},{"@type":"BreadcrumbList","@id":"https:\/\/radiocityvalencia.es\/en\/politica-de-cookies\/#breadcrumb","itemListElement":[{"@type":"ListItem","position":1,"name":"Portada","item":"https:\/\/radiocityvalencia.es\/en\/home\/"},{"@type":"ListItem","position":2,"name":"Pol\u00edtica de cookies"}]},{"@type":"WebSite","@id":"https:\/\/radiocityvalencia.es\/en\/#website","url":"https:\/\/radiocityvalencia.es\/en\/","name":"Radio City Valencia","description":"The Place to Be","publisher":{"@id":"https:\/\/radiocityvalencia.es\/en\/#organization"},"potentialAction":[{"@type":"SearchAction","target":{"@type":"EntryPoint","urlTemplate":"https:\/\/radiocityvalencia.es\/en\/?s={search_term_string}"},"query-input":{"@type":"PropertyValueSpecification","valueRequired":true,"valueName":"search_term_string"}}],"inLanguage":"en-US"},{"@type":"Organization","@id":"https:\/\/radiocityvalencia.es\/en\/#organization","name":"Radio City Valencia","url":"https:\/\/radiocityvalencia.es\/en\/","logo":{"@type":"ImageObject","inLanguage":"en-US","@id":"https:\/\/radiocityvalencia.es\/en\/#\/schema\/logo\/image\/","url":"https:\/\/radiocityvalencia.es\/wp-content\/uploads\/2023\/02\/LOGO_RADIO_WHT.png","contentUrl":"https:\/\/radiocityvalencia.es\/wp-content\/uploads\/2023\/02\/LOGO_RADIO_WHT.png","width":398,"height":57,"caption":"Radio City Valencia"},"image":{"@id":"https:\/\/radiocityvalencia.es\/en\/#\/schema\/logo\/image\/"},"sameAs":["https:\/\/www.facebook.com\/radiocityvlc"]}]}},"_links":{"self":[{"href":"https:\/\/radiocityvalencia.es\/en\/wp-json\/wp\/v2\/pages\/9942","targetHints":{"allow":["GET"]}}],"collection":[{"href":"https:\/\/radiocityvalencia.es\/en\/wp-json\/wp\/v2\/pages"}],"about":[{"href":"https:\/\/radiocityvalencia.es\/en\/wp-json\/wp\/v2\/types\/page"}],"author":[{"embeddable":true,"href":"https:\/\/radiocityvalencia.es\/en\/wp-json\/wp\/v2\/users\/1"}],"replies":[{"embeddable":true,"href":"https:\/\/radiocityvalencia.es\/en\/wp-json\/wp\/v2\/comments?post=9942"}],"version-history":[{"count":4,"href":"https:\/\/radiocityvalencia.es\/en\/wp-json\/wp\/v2\/pages\/9942\/revisions"}],"predecessor-version":[{"id":9957,"href":"https:\/\/radiocityvalencia.es\/en\/wp-json\/wp\/v2\/pages\/9942\/revisions\/9957"}],"wp:attachment":[{"href":"https:\/\/radiocityvalencia.es\/en\/wp-json\/wp\/v2\/media?parent=9942"}],"curies":[{"name":"wp","href":"https:\/\/api.w.org\/{rel}","templated":true}]}}